{"id":88,"date":"2023-10-28T16:23:29","date_gmt":"2023-10-28T16:23:29","guid":{"rendered":"https:\/\/casa-ay-caramba.com\/?page_id=88"},"modified":"2023-10-28T16:23:29","modified_gmt":"2023-10-28T16:23:29","slug":"kontakt-und-buchung","status":"publish","type":"page","link":"https:\/\/casa-ay-caramba.com\/en\/kontakt-und-buchung\/","title":{"rendered":"Contact and Booking"},"content":{"rendered":"<p>E. + R. B\u00f6lle<br>info@casa-ay-caramba.com<\/p>\n\n\n\n<p><\/p>\n\n\n\n<p>The handover of our holiday home Casa Ay Caramba in Els Poblets (Denia), Alicante, Spain is done for us on site by a specialised agency. <\/p>\n\n\n\n<p>From the rental contract the handing over of the keys to the final account, everything is done by the same company.<br><br>You will be welcomed on site, provided with all information and always have a contact person on site for any questions.<\/p>\n\n\n\n<p><\/p>\n\n\n\n<p><\/p>","protected":false},"excerpt":{"rendered":"<p>E. + R. B\u00f6lleinfo@casa-ay-caramba.com Die \u00dcbergabe unseres Ferienhauses Casa Ay Caramba in Els Poblets (Denia), Alicante, Spanien \u00fcbernimmt f\u00fcr uns vor Ort eine spezialisierte Agentur. Vom Mietvertrag \u00fcber die Schl\u00fcssel\u00fcbergabe bis hin zur Schlussabrechnung wird alles von der selben Firma erledigt. Sie werden vor Ort begr\u00fcsst, mit allen Informationen versorgt und haben f\u00fcr allf\u00e4llige Fragen &hellip; <\/p>\n<p class=\"link-more\"><a href=\"https:\/\/casa-ay-caramba.com\/en\/kontakt-und-buchung\/\" class=\"more-link\">Continue reading<span class=\"screen-reader-text\"> &#8222;Kontakt und Buchung&#8220;<\/span><\/a><\/p>","protected":false},"author":1,"featured_media":0,"parent":0,"menu_order":0,"comment_status":"closed","ping_status":"closed","template":"","meta":{"footnotes":""},"class_list":["post-88","page","type-page","status-publish","hentry"],"yoast_head":"<!-- This site is optimized with the Yoast SEO plugin v25.8 - https:\/\/yoast.com\/wordpress\/plugins\/seo\/ -->\n<title>Kontakt und Buchung - Casa Ay Caramba<\/title>\n<meta name=\"robots\" content=\"index, follow, max-snippet:-1, max-image-preview:large, max-video-preview:-1\" \/>\n<link rel=\"canonical\" href=\"https:\/\/casa-ay-caramba.com\/en\/kontakt-und-buchung\/\" \/>\n<meta property=\"og:locale\" content=\"en_GB\" \/>\n<meta property=\"og:type\" content=\"article\" \/>\n<meta property=\"og:title\" content=\"Kontakt und Buchung - Casa Ay Caramba\" \/>\n<meta property=\"og:description\" content=\"E. + R. B\u00f6lleinfo@casa-ay-caramba.com Die \u00dcbergabe unseres Ferienhauses Casa Ay Caramba in Els Poblets (Denia), Alicante, Spanien \u00fcbernimmt f\u00fcr uns vor Ort eine spezialisierte Agentur. Vom Mietvertrag \u00fcber die Schl\u00fcssel\u00fcbergabe bis hin zur Schlussabrechnung wird alles von der selben Firma erledigt. Sie werden vor Ort begr\u00fcsst, mit allen Informationen versorgt und haben f\u00fcr allf\u00e4llige Fragen &hellip; Continue reading &quot;Kontakt und Buchung&quot;\" \/>\n<meta property=\"og:url\" content=\"https:\/\/casa-ay-caramba.com\/en\/kontakt-und-buchung\/\" \/>\n<meta property=\"og:site_name\" content=\"Casa Ay Caramba\" \/>\n<meta property=\"article:publisher\" content=\"https:\/\/www.facebook.com\/casaaycaramba\" \/>\n<meta property=\"og:image\" content=\"https:\/\/casa-ay-caramba.com\/wp-content\/uploads\/2021\/04\/13xxx.jpg\" \/>\n\t<meta property=\"og:image:width\" content=\"2000\" \/>\n\t<meta property=\"og:image:height\" content=\"1333\" \/>\n\t<meta property=\"og:image:type\" content=\"image\/jpeg\" \/>\n<meta name=\"twitter:card\" content=\"summary_large_image\" \/>\n<meta name=\"twitter:label1\" content=\"Estimated reading time\" \/>\n\t<meta name=\"twitter:data1\" content=\"1 minute\" \/>\n<script type=\"application\/ld+json\" class=\"yoast-schema-graph\">{\"@context\":\"https:\/\/schema.org\",\"@graph\":[{\"@type\":\"WebPage\",\"@id\":\"https:\/\/casa-ay-caramba.com\/kontakt-und-buchung\/\",\"url\":\"https:\/\/casa-ay-caramba.com\/kontakt-und-buchung\/\",\"name\":\"Kontakt und Buchung - Casa Ay Caramba\",\"isPartOf\":{\"@id\":\"https:\/\/casa-ay-caramba.com\/#website\"},\"datePublished\":\"2023-10-28T16:23:29+00:00\",\"breadcrumb\":{\"@id\":\"https:\/\/casa-ay-caramba.com\/kontakt-und-buchung\/#breadcrumb\"},\"inLanguage\":\"en-GB\",\"potentialAction\":[{\"@type\":\"ReadAction\",\"target\":[\"https:\/\/casa-ay-caramba.com\/kontakt-und-buchung\/\"]}]},{\"@type\":\"BreadcrumbList\",\"@id\":\"https:\/\/casa-ay-caramba.com\/kontakt-und-buchung\/#breadcrumb\",\"itemListElement\":[{\"@type\":\"ListItem\",\"position\":1,\"name\":\"Home\",\"item\":\"https:\/\/casa-ay-caramba.com\/\"},{\"@type\":\"ListItem\",\"position\":2,\"name\":\"Kontakt und Buchung\"}]},{\"@type\":\"WebSite\",\"@id\":\"https:\/\/casa-ay-caramba.com\/#website\",\"url\":\"https:\/\/casa-ay-caramba.com\/\",\"name\":\"Casa Ay Caramba\",\"description\":\"Ferienhaus in Els Poblets an der Costa Blanca\",\"potentialAction\":[{\"@type\":\"SearchAction\",\"target\":{\"@type\":\"EntryPoint\",\"urlTemplate\":\"https:\/\/casa-ay-caramba.com\/?s={search_term_string}\"},\"query-input\":{\"@type\":\"PropertyValueSpecification\",\"valueRequired\":true,\"valueName\":\"search_term_string\"}}],\"inLanguage\":\"en-GB\"}]}<\/script>\n<!-- \/ Yoast SEO plugin. -->","yoast_head_json":{"title":"Kontakt und Buchung - Casa Ay Caramba","robots":{"index":"index","follow":"follow","max-snippet":"max-snippet:-1","max-image-preview":"max-image-preview:large","max-video-preview":"max-video-preview:-1"},"canonical":"https:\/\/casa-ay-caramba.com\/en\/kontakt-und-buchung\/","og_locale":"en_GB","og_type":"article","og_title":"Kontakt und Buchung - Casa Ay Caramba","og_description":"E. + R. B\u00f6lleinfo@casa-ay-caramba.com Die \u00dcbergabe unseres Ferienhauses Casa Ay Caramba in Els Poblets (Denia), Alicante, Spanien \u00fcbernimmt f\u00fcr uns vor Ort eine spezialisierte Agentur. Vom Mietvertrag \u00fcber die Schl\u00fcssel\u00fcbergabe bis hin zur Schlussabrechnung wird alles von der selben Firma erledigt. Sie werden vor Ort begr\u00fcsst, mit allen Informationen versorgt und haben f\u00fcr allf\u00e4llige Fragen &hellip; Continue reading \"Kontakt und Buchung\"","og_url":"https:\/\/casa-ay-caramba.com\/en\/kontakt-und-buchung\/","og_site_name":"Casa Ay Caramba","article_publisher":"https:\/\/www.facebook.com\/casaaycaramba","og_image":[{"width":2000,"height":1333,"url":"https:\/\/casa-ay-caramba.com\/wp-content\/uploads\/2021\/04\/13xxx.jpg","type":"image\/jpeg"}],"twitter_card":"summary_large_image","twitter_misc":{"Estimated reading time":"1 minute"},"schema":{"@context":"https:\/\/schema.org","@graph":[{"@type":"WebPage","@id":"https:\/\/casa-ay-caramba.com\/kontakt-und-buchung\/","url":"https:\/\/casa-ay-caramba.com\/kontakt-und-buchung\/","name":"Kontakt und Buchung - Casa Ay Caramba","isPartOf":{"@id":"https:\/\/casa-ay-caramba.com\/#website"},"datePublished":"2023-10-28T16:23:29+00:00","breadcrumb":{"@id":"https:\/\/casa-ay-caramba.com\/kontakt-und-buchung\/#breadcrumb"},"inLanguage":"en-GB","potentialAction":[{"@type":"ReadAction","target":["https:\/\/casa-ay-caramba.com\/kontakt-und-buchung\/"]}]},{"@type":"BreadcrumbList","@id":"https:\/\/casa-ay-caramba.com\/kontakt-und-buchung\/#breadcrumb","itemListElement":[{"@type":"ListItem","position":1,"name":"Home","item":"https:\/\/casa-ay-caramba.com\/"},{"@type":"ListItem","position":2,"name":"Kontakt und Buchung"}]},{"@type":"WebSite","@id":"https:\/\/casa-ay-caramba.com\/#website","url":"https:\/\/casa-ay-caramba.com\/","name":"Casa Ay Caramba","description":"Holiday Home in Els Poblets at the Costa Blanca","potentialAction":[{"@type":"SearchAction","target":{"@type":"EntryPoint","urlTemplate":"https:\/\/casa-ay-caramba.com\/?s={search_term_string}"},"query-input":{"@type":"PropertyValueSpecification","valueRequired":true,"valueName":"search_term_string"}}],"inLanguage":"en-GB"}]}},"_links":{"self":[{"href":"https:\/\/casa-ay-caramba.com\/en\/wp-json\/wp\/v2\/pages\/88","targetHints":{"allow":["GET"]}}],"collection":[{"href":"https:\/\/casa-ay-caramba.com\/en\/wp-json\/wp\/v2\/pages"}],"about":[{"href":"https:\/\/casa-ay-caramba.com\/en\/wp-json\/wp\/v2\/types\/page"}],"author":[{"embeddable":true,"href":"https:\/\/casa-ay-caramba.com\/en\/wp-json\/wp\/v2\/users\/1"}],"replies":[{"embeddable":true,"href":"https:\/\/casa-ay-caramba.com\/en\/wp-json\/wp\/v2\/comments?post=88"}],"version-history":[{"count":7,"href":"https:\/\/casa-ay-caramba.com\/en\/wp-json\/wp\/v2\/pages\/88\/revisions"}],"predecessor-version":[{"id":399,"href":"https:\/\/casa-ay-caramba.com\/en\/wp-json\/wp\/v2\/pages\/88\/revisions\/399"}],"wp:attachment":[{"href":"https:\/\/casa-ay-caramba.com\/en\/wp-json\/wp\/v2\/media?parent=88"}],"curies":[{"name":"wp","href":"https:\/\/api.w.org\/{rel}","templated":true}]}}