{"id":319,"date":"2023-10-28T16:23:28","date_gmt":"2023-10-28T16:23:28","guid":{"rendered":"https:\/\/casa-ay-caramba.com\/?page_id=319"},"modified":"2024-04-18T10:03:41","modified_gmt":"2024-04-18T10:03:41","slug":"impressum","status":"publish","type":"page","link":"https:\/\/casa-ay-caramba.com\/en\/impressum\/","title":{"rendered":"Legal notice"},"content":{"rendered":"<p>E. + R. B\u00f6lle<br>Ptda. Barranquets C\/15,15<br>03779 Els Poblets, Alicante<br>Espa\u00f1a<br>Tourism register VT-485250-A<\/p>\n\n\n\n<p><\/p>\n\n\n\n<p>We expressly exclude any liability for damages arising directly or indirectly from the use of this website.<\/p>\n\n\n\n<h1 class=\"wp-block-heading\">Disclaimer<\/h1>\n\n\n\n<h2 class=\"wp-block-heading\">Liability for contents<\/h2>\n\n\n\n<p>The contents of our pages were created with the greatest care. However, we cannot guarantee the correctness, completeness and up-to-dateness of the contents. As a service provider, we are responsible for our own content on these pages in accordance with general laws. However, as a service provider, we are not obliged to monitor transmitted or stored third-party information or to investigate circumstances that indicate illegal activity. Obligations to remove or block the use of information in accordance with general laws remain unaffected by this. However, liability in this regard is only possible from the point in time at which a concrete infringement of the law becomes known. If we become aware of corresponding infringements, we will remove this content immediately.<\/p>\n\n\n\n<h2 class=\"wp-block-heading\">Liability for links<\/h2>\n\n\n\n<p>Our website may contain links to external websites of third parties over whose content we have no influence. Therefore, we cannot assume any liability for these external contents. The respective provider or operator of the pages is always responsible for the content of the linked pages. The linked pages were checked for possible legal violations at the time of linking. Illegal contents were not recognisable at the time of linking. However, permanent monitoring of the content of the linked pages is not reasonable without concrete indications of a legal violation. If we become aware of any infringements of the law, we will remove such links immediately.<\/p>\n\n\n\n<h2 class=\"wp-block-heading\">Copyright<\/h2>\n\n\n\n<p>The contents and works created by the site operators on these pages are subject to the respective national copyright laws. The reproduction, editing, distribution and any kind of utilisation outside the limits of copyright law require the written consent of the respective author or creator. Downloads and copies of this site are only permitted for private, non-commercial use. Insofar as the content on this site was not created by the operator, the copyrights of third parties are respected. In particular, third-party content is marked as such. Should you nevertheless become aware of a copyright infringement, please inform us accordingly. If we become aware of any infringements, we will remove such content immediately.&nbsp;<\/p>\n\n\n\n<p><\/p>","protected":false},"excerpt":{"rendered":"<p>E. + R. B\u00f6llePtda. Barranquets C\/15,1503779 Els Poblets, AlicanteEspa\u00f1aTourismusregister: VT-485250-A Wir schlie\u00dfen jegliche Haftung f\u00fcr Sch\u00e4den, die direkt oder indirekt aus der Benutzung dieser Internetseite entstehen, ausdr\u00fccklich aus. Haftungsausschluss Haftung f\u00fcr Inhalte Die Inhalte unserer Seiten wurden mit gr\u00f6\u00dfter Sorgfalt erstellt. F\u00fcr die Richtigkeit, Vollst\u00e4ndigkeit und Aktualit\u00e4t der Inhalte k\u00f6nnen wir jedoch keine Gew\u00e4hr \u00fcbernehmen. &hellip; <\/p>\n<p class=\"link-more\"><a href=\"https:\/\/casa-ay-caramba.com\/en\/impressum\/\" class=\"more-link\">Continue reading<span class=\"screen-reader-text\"> &#8222;Impressum&#8220;<\/span><\/a><\/p>","protected":false},"author":1,"featured_media":0,"parent":0,"menu_order":0,"comment_status":"closed","ping_status":"closed","template":"","meta":{"footnotes":""},"class_list":["post-319","page","type-page","status-publish","hentry"],"yoast_head":"<!-- This site is optimized with the Yoast SEO plugin v25.8 - https:\/\/yoast.com\/wordpress\/plugins\/seo\/ -->\n<title>Impressum - Casa Ay Caramba<\/title>\n<meta name=\"description\" content=\"Ferienhaus Casa Ay Caramba Els Poblets Denia Alicante Valencia Costa Blanca Benidorm Altea Calpe Javea Strand Sonne Meer Urlaub Erholung\" \/>\n<meta name=\"robots\" content=\"index, follow, max-snippet:-1, max-image-preview:large, max-video-preview:-1\" \/>\n<link rel=\"canonical\" href=\"https:\/\/casa-ay-caramba.com\/en\/impressum\/\" \/>\n<meta property=\"og:locale\" content=\"en_GB\" \/>\n<meta property=\"og:type\" content=\"article\" \/>\n<meta property=\"og:title\" content=\"Impressum - Casa Ay Caramba\" \/>\n<meta property=\"og:description\" content=\"Ferienhaus Casa Ay Caramba Els Poblets Denia Alicante Valencia Costa Blanca Benidorm Altea Calpe Javea Strand Sonne Meer Urlaub Erholung\" \/>\n<meta property=\"og:url\" content=\"https:\/\/casa-ay-caramba.com\/en\/impressum\/\" \/>\n<meta property=\"og:site_name\" content=\"Casa Ay Caramba\" \/>\n<meta property=\"article:publisher\" content=\"https:\/\/www.facebook.com\/casaaycaramba\" \/>\n<meta property=\"article:modified_time\" content=\"2024-04-18T10:03:41+00:00\" \/>\n<meta name=\"twitter:card\" content=\"summary_large_image\" \/>\n<meta name=\"twitter:label1\" content=\"Estimated reading time\" \/>\n\t<meta name=\"twitter:data1\" content=\"2 minutes\" \/>\n<script type=\"application\/ld+json\" class=\"yoast-schema-graph\">{\"@context\":\"https:\/\/schema.org\",\"@graph\":[{\"@type\":\"WebPage\",\"@id\":\"https:\/\/casa-ay-caramba.com\/impressum\/\",\"url\":\"https:\/\/casa-ay-caramba.com\/impressum\/\",\"name\":\"Impressum - Casa Ay Caramba\",\"isPartOf\":{\"@id\":\"https:\/\/casa-ay-caramba.com\/#website\"},\"datePublished\":\"2023-10-28T16:23:28+00:00\",\"dateModified\":\"2024-04-18T10:03:41+00:00\",\"description\":\"Ferienhaus Casa Ay Caramba Els Poblets Denia Alicante Valencia Costa Blanca Benidorm Altea Calpe Javea Strand Sonne Meer Urlaub Erholung\",\"breadcrumb\":{\"@id\":\"https:\/\/casa-ay-caramba.com\/impressum\/#breadcrumb\"},\"inLanguage\":\"en-GB\",\"potentialAction\":[{\"@type\":\"ReadAction\",\"target\":[\"https:\/\/casa-ay-caramba.com\/impressum\/\"]}]},{\"@type\":\"BreadcrumbList\",\"@id\":\"https:\/\/casa-ay-caramba.com\/impressum\/#breadcrumb\",\"itemListElement\":[{\"@type\":\"ListItem\",\"position\":1,\"name\":\"Home\",\"item\":\"https:\/\/casa-ay-caramba.com\/\"},{\"@type\":\"ListItem\",\"position\":2,\"name\":\"Impressum\"}]},{\"@type\":\"WebSite\",\"@id\":\"https:\/\/casa-ay-caramba.com\/#website\",\"url\":\"https:\/\/casa-ay-caramba.com\/\",\"name\":\"Casa Ay Caramba\",\"description\":\"Ferienhaus in Els Poblets an der Costa Blanca\",\"potentialAction\":[{\"@type\":\"SearchAction\",\"target\":{\"@type\":\"EntryPoint\",\"urlTemplate\":\"https:\/\/casa-ay-caramba.com\/?s={search_term_string}\"},\"query-input\":{\"@type\":\"PropertyValueSpecification\",\"valueRequired\":true,\"valueName\":\"search_term_string\"}}],\"inLanguage\":\"en-GB\"}]}<\/script>\n<!-- \/ Yoast SEO plugin. -->","yoast_head_json":{"title":"Impressum - Casa Ay Caramba","description":"Ferienhaus Casa Ay Caramba Els Poblets Denia Alicante Valencia Costa Blanca Benidorm Altea Calpe Javea Strand Sonne Meer Urlaub Erholung","robots":{"index":"index","follow":"follow","max-snippet":"max-snippet:-1","max-image-preview":"max-image-preview:large","max-video-preview":"max-video-preview:-1"},"canonical":"https:\/\/casa-ay-caramba.com\/en\/impressum\/","og_locale":"en_GB","og_type":"article","og_title":"Impressum - Casa Ay Caramba","og_description":"Ferienhaus Casa Ay Caramba Els Poblets Denia Alicante Valencia Costa Blanca Benidorm Altea Calpe Javea Strand Sonne Meer Urlaub Erholung","og_url":"https:\/\/casa-ay-caramba.com\/en\/impressum\/","og_site_name":"Casa Ay Caramba","article_publisher":"https:\/\/www.facebook.com\/casaaycaramba","article_modified_time":"2024-04-18T10:03:41+00:00","twitter_card":"summary_large_image","twitter_misc":{"Estimated reading time":"2 minutes"},"schema":{"@context":"https:\/\/schema.org","@graph":[{"@type":"WebPage","@id":"https:\/\/casa-ay-caramba.com\/impressum\/","url":"https:\/\/casa-ay-caramba.com\/impressum\/","name":"Impressum - Casa Ay Caramba","isPartOf":{"@id":"https:\/\/casa-ay-caramba.com\/#website"},"datePublished":"2023-10-28T16:23:28+00:00","dateModified":"2024-04-18T10:03:41+00:00","description":"Ferienhaus Casa Ay Caramba Els Poblets Denia Alicante Valencia Costa Blanca Benidorm Altea Calpe Javea Strand Sonne Meer Urlaub Erholung","breadcrumb":{"@id":"https:\/\/casa-ay-caramba.com\/impressum\/#breadcrumb"},"inLanguage":"en-GB","potentialAction":[{"@type":"ReadAction","target":["https:\/\/casa-ay-caramba.com\/impressum\/"]}]},{"@type":"BreadcrumbList","@id":"https:\/\/casa-ay-caramba.com\/impressum\/#breadcrumb","itemListElement":[{"@type":"ListItem","position":1,"name":"Home","item":"https:\/\/casa-ay-caramba.com\/"},{"@type":"ListItem","position":2,"name":"Impressum"}]},{"@type":"WebSite","@id":"https:\/\/casa-ay-caramba.com\/#website","url":"https:\/\/casa-ay-caramba.com\/","name":"Casa Ay Caramba","description":"Holiday Home in Els Poblets at the Costa Blanca","potentialAction":[{"@type":"SearchAction","target":{"@type":"EntryPoint","urlTemplate":"https:\/\/casa-ay-caramba.com\/?s={search_term_string}"},"query-input":{"@type":"PropertyValueSpecification","valueRequired":true,"valueName":"search_term_string"}}],"inLanguage":"en-GB"}]}},"_links":{"self":[{"href":"https:\/\/casa-ay-caramba.com\/en\/wp-json\/wp\/v2\/pages\/319","targetHints":{"allow":["GET"]}}],"collection":[{"href":"https:\/\/casa-ay-caramba.com\/en\/wp-json\/wp\/v2\/pages"}],"about":[{"href":"https:\/\/casa-ay-caramba.com\/en\/wp-json\/wp\/v2\/types\/page"}],"author":[{"embeddable":true,"href":"https:\/\/casa-ay-caramba.com\/en\/wp-json\/wp\/v2\/users\/1"}],"replies":[{"embeddable":true,"href":"https:\/\/casa-ay-caramba.com\/en\/wp-json\/wp\/v2\/comments?post=319"}],"version-history":[{"count":4,"href":"https:\/\/casa-ay-caramba.com\/en\/wp-json\/wp\/v2\/pages\/319\/revisions"}],"predecessor-version":[{"id":438,"href":"https:\/\/casa-ay-caramba.com\/en\/wp-json\/wp\/v2\/pages\/319\/revisions\/438"}],"wp:attachment":[{"href":"https:\/\/casa-ay-caramba.com\/en\/wp-json\/wp\/v2\/media?parent=319"}],"curies":[{"name":"wp","href":"https:\/\/api.w.org\/{rel}","templated":true}]}}