{"id":3,"date":"2023-10-28T16:23:28","date_gmt":"2023-10-28T16:23:28","guid":{"rendered":"https:\/\/casa-ay-caramba.com\/?page_id=3"},"modified":"2024-04-20T11:23:23","modified_gmt":"2024-04-20T11:23:23","slug":"datenschutzerklaerung","status":"publish","type":"page","link":"https:\/\/casa-ay-caramba.com\/en\/datenschutzerklaerung\/","title":{"rendered":"Privacy policy"},"content":{"rendered":"<p><\/p>\n\n\n\n<h2 class=\"wp-block-heading\">Who we are<\/h2>\n\n\n\n<p><strong class=\"privacy-policy-tutorial\"><\/strong>Verantwortliche Stelle im Sinne der Datenschutzgesetze, insbesondere der EU-Datenschutzgrundverordnung (DSGVO): E+R B\u00f6lle, Ptda. Barranquets C15, 15, 03779 Els Poblets. Die Adresse unserer Website lautet: <a href=\"https:\/\/casa-ay-caramba.com\/en\/\">https:\/\/casa-ay-caramba.com<\/a><\/p>\n\n\n\n<p><\/p>\n\n\n\n<h2 class=\"wp-block-heading\">General note<\/h2>\n\n\n\n<p>Every person is entitled to protection of their privacy as well as protection against misuse of their personal data. Personal data is treated as strictly confidential and is neither sold nor passed on to third parties. We would like to point out that data transmission on the internet can generally have security gaps. By using this website, you agree to the collection, processing and use of data in accordance with the following description.<\/p>\n\n\n\n<h2 class=\"wp-block-heading\">Reviews<\/h2>\n\n\n\n<p><strong class=\"privacy-policy-tutorial\"><\/strong>When visitors write reviews on the website, we collect the data displayed in the review form, as well as the visitor's IP address and the user agent string (which identifies the browser) to help detect spam.<\/p>\n\n\n\n<p>An anonymised string (also called a hash) can be created from your email address and passed to the Gravatar service to check if you are using it. The privacy policy of the Gravatar service can be found here: https:\/\/automattic.com\/privacy\/. After your review has been shared, your profile picture is publicly visible in the context of your review.<\/p>\n\n\n\n<h2 class=\"wp-block-heading\">Media<\/h2>\n\n\n\n<p><strong class=\"privacy-policy-tutorial\"><\/strong>You should avoid uploading photos with an EXIF GPS location. Visitors to this website could download photos stored on this website and extract their location information.<\/p>\n\n\n\n<h2 class=\"wp-block-heading\">Cookies<\/h2>\n\n\n\n<p>When you write a review on our website, you agree to store your name, email address and website in cookies. This is a convenience feature so that you don't have to re-enter all this information when you write another review. These cookies are stored for one year.<\/p>\n\n\n\n<p>We set temporary cookies to determine whether your browser accepts cookies. This cookie does not contain any personal data and is discarded when you close your browser.<\/p>\n\n\n\n<h2 class=\"wp-block-heading\">Embedded content from other websites<\/h2>\n\n\n\n<p>Posts on this website may contain embedded content (e.g. videos, images, articles, etc.). Embedded content from other websites behaves exactly as if the visitor had visited the other website.<\/p>\n\n\n\n<p>These websites may collect information about you, use cookies, embed additional third party tracking services and record your interaction with this embedded content, including your interaction with the embedded content.<\/p>\n\n\n\n<h2 class=\"wp-block-heading\">How long we store your data<\/h2>\n\n\n\n<p>When you write a review, it is stored indefinitely, including metadata. This way we can automatically detect and approve follow-up comments instead of holding them in a moderation queue.<\/p>\n\n\n\n<h2 class=\"wp-block-heading\">Where we send your data<\/h2>\n\n\n\n<p><strong class=\"privacy-policy-tutorial\"><\/strong>Visitor reviews could be examined by an automated service for spam detection.<\/p>\n\n\n\n<h2 class=\"wp-block-heading\">Privacy policy for Google Analytics<\/h2>\n\n\n\n<p>This website uses Google Analytics, a web analytics service provided by Google Inc, 1600 Amphitheatre Parkway, Mountain View, CA 94043, USA. To deactivate Google Analytics, Google provides a browser plug-in at https:\/\/tools.google.com\/dlpage\/gaoptout?hl=de. Google Analytics uses cookies. These are small text files that make it possible to store specific information related to the user on the user's terminal device. These enable an analysis of the use of our website by Google. The information collected by the cookie about the use of our website (including your IP address) is usually transferred to a Google server in the USA and stored there. We would like to point out that on this website Google Analytics has been extended by the code \"gat._anonymizeIp();\" in order to ensure anonymised collection of IP addresses (so-called IP masking). If anonymisation is active, Google shortens IP addresses within member states of the European Union or in other contracting states of the Agreement on the European Economic Area, which is why no conclusions can be drawn about your identity. Only in exceptional cases will the full IP address be transmitted to a Google server in the USA and shortened there. Google observes the data protection provisions of the \"Privacy Shield\" agreement and is registered with the \"Privacy Shield\" programme of the US Department of Commerce and uses the information collected to evaluate the use of our websites, to compile reports for us in this regard and to provide us with other related services.<\/p>\n\n\n\n<h2 class=\"wp-block-heading\">Privacy policy for Facebook<\/h2>\n\n\n\n<p>This website uses functions of Facebook Inc., 1601 S. California Ave, Palo Alto, CA 94304, USA . When you call up our pages with Facebook plug-ins, a connection is established between your browser and the Facebook servers. In the process, data is already transmitted to Facebook. If you have a Facebook account, this data can be linked to it. If you do not wish this data to be associated with your Facebook account, please log out of Facebook before visiting our site. Interactions, in particular the use of a comment function or the clicking of a \"Like\" or \"Share\" button, are also passed on to Facebook. You can find out more at https:\/\/de-de.facebook.com\/about\/privacy.<\/p>\n\n\n\n<h2 class=\"wp-block-heading\">Copyright<\/h2>\n\n\n\n<p>The copyright and all other rights to the content, images, photos or other files on the website belong exclusively to the operator of this website or the specifically named rights holders. The written consent of the copyright holder must be obtained in advance for the reproduction of all files.<\/p>\n\n\n\n<p>Anyone who commits a copyright infringement without the consent of the respective rights holder may be liable to prosecution and possibly to damages.<\/p>\n\n\n\n<p><\/p>","protected":false},"excerpt":{"rendered":"<p>Wer wir sind Verantwortliche Stelle im Sinne der Datenschutzgesetze, insbesondere der EU-Datenschutzgrundverordnung (DSGVO): E+R B\u00f6lle, Ptda. Barranquets C15, 15, 03779 Els Poblets. Die Adresse unserer Website lautet: https:\/\/casa-ay-caramba.com Allgemeiner Hinweis Jede Person hat Anspruch auf Schutz ihrer Privatsph\u00e4re sowie auf Schutz vor Missbrauch ihrer pers\u00f6nlichen Daten. Pers\u00f6nliche Daten werden streng vertraulich behandelt und weder an &hellip; <\/p>\n<p class=\"link-more\"><a href=\"https:\/\/casa-ay-caramba.com\/en\/datenschutzerklaerung\/\" class=\"more-link\">Continue reading<span class=\"screen-reader-text\"> &#8222;Datenschutzerkl\u00e4rung&#8220;<\/span><\/a><\/p>","protected":false},"author":1,"featured_media":0,"parent":0,"menu_order":0,"comment_status":"closed","ping_status":"closed","template":"","meta":{"footnotes":""},"class_list":["post-3","page","type-page","status-publish","hentry"],"yoast_head":"<!-- This site is optimized with the Yoast SEO plugin v25.8 - https:\/\/yoast.com\/wordpress\/plugins\/seo\/ -->\n<title>Datenschutzerkl\u00e4rung - Casa Ay Caramba<\/title>\n<meta name=\"description\" content=\"Datenschutzerkl\u00e4rung Privacy Policy Cottage Vacacional Holiday Home Ferienhaus Casa Ay Caramba Els Poblets Denia Alicante Spanien\" \/>\n<meta name=\"robots\" content=\"index, follow, max-snippet:-1, max-image-preview:large, max-video-preview:-1\" \/>\n<link rel=\"canonical\" href=\"https:\/\/casa-ay-caramba.com\/en\/datenschutzerklaerung\/\" \/>\n<meta property=\"og:locale\" content=\"en_GB\" \/>\n<meta property=\"og:type\" content=\"article\" \/>\n<meta property=\"og:title\" content=\"Datenschutzerkl\u00e4rung - Casa Ay Caramba\" \/>\n<meta property=\"og:description\" content=\"Datenschutzerkl\u00e4rung Privacy Policy Cottage Vacacional Holiday Home Ferienhaus Casa Ay Caramba Els Poblets Denia Alicante Spanien\" \/>\n<meta property=\"og:url\" content=\"https:\/\/casa-ay-caramba.com\/en\/datenschutzerklaerung\/\" \/>\n<meta property=\"og:site_name\" content=\"Casa Ay Caramba\" \/>\n<meta property=\"article:publisher\" content=\"https:\/\/www.facebook.com\/casaaycaramba\" \/>\n<meta property=\"article:modified_time\" content=\"2024-04-20T11:23:23+00:00\" \/>\n<meta name=\"twitter:card\" content=\"summary_large_image\" \/>\n<meta name=\"twitter:label1\" content=\"Estimated reading time\" \/>\n\t<meta name=\"twitter:data1\" content=\"4 minutes\" \/>\n<script type=\"application\/ld+json\" class=\"yoast-schema-graph\">{\"@context\":\"https:\/\/schema.org\",\"@graph\":[{\"@type\":\"WebPage\",\"@id\":\"https:\/\/casa-ay-caramba.com\/datenschutzerklaerung\/\",\"url\":\"https:\/\/casa-ay-caramba.com\/datenschutzerklaerung\/\",\"name\":\"Datenschutzerkl\u00e4rung - Casa Ay Caramba\",\"isPartOf\":{\"@id\":\"https:\/\/casa-ay-caramba.com\/#website\"},\"datePublished\":\"2023-10-28T16:23:28+00:00\",\"dateModified\":\"2024-04-20T11:23:23+00:00\",\"description\":\"Datenschutzerkl\u00e4rung Privacy Policy Cottage Vacacional Holiday Home Ferienhaus Casa Ay Caramba Els Poblets Denia Alicante Spanien\",\"breadcrumb\":{\"@id\":\"https:\/\/casa-ay-caramba.com\/datenschutzerklaerung\/#breadcrumb\"},\"inLanguage\":\"en-GB\",\"potentialAction\":[{\"@type\":\"ReadAction\",\"target\":[\"https:\/\/casa-ay-caramba.com\/datenschutzerklaerung\/\"]}]},{\"@type\":\"BreadcrumbList\",\"@id\":\"https:\/\/casa-ay-caramba.com\/datenschutzerklaerung\/#breadcrumb\",\"itemListElement\":[{\"@type\":\"ListItem\",\"position\":1,\"name\":\"Home\",\"item\":\"https:\/\/casa-ay-caramba.com\/\"},{\"@type\":\"ListItem\",\"position\":2,\"name\":\"Datenschutzerkl\u00e4rung\"}]},{\"@type\":\"WebSite\",\"@id\":\"https:\/\/casa-ay-caramba.com\/#website\",\"url\":\"https:\/\/casa-ay-caramba.com\/\",\"name\":\"Casa Ay Caramba\",\"description\":\"Ferienhaus in Els Poblets an der Costa Blanca\",\"potentialAction\":[{\"@type\":\"SearchAction\",\"target\":{\"@type\":\"EntryPoint\",\"urlTemplate\":\"https:\/\/casa-ay-caramba.com\/?s={search_term_string}\"},\"query-input\":{\"@type\":\"PropertyValueSpecification\",\"valueRequired\":true,\"valueName\":\"search_term_string\"}}],\"inLanguage\":\"en-GB\"}]}<\/script>\n<!-- \/ Yoast SEO plugin. -->","yoast_head_json":{"title":"Datenschutzerkl\u00e4rung - Casa Ay Caramba","description":"Datenschutzerkl\u00e4rung Privacy Policy Cottage Vacacional Holiday Home Ferienhaus Casa Ay Caramba Els Poblets Denia Alicante Spanien","robots":{"index":"index","follow":"follow","max-snippet":"max-snippet:-1","max-image-preview":"max-image-preview:large","max-video-preview":"max-video-preview:-1"},"canonical":"https:\/\/casa-ay-caramba.com\/en\/datenschutzerklaerung\/","og_locale":"en_GB","og_type":"article","og_title":"Datenschutzerkl\u00e4rung - Casa Ay Caramba","og_description":"Datenschutzerkl\u00e4rung Privacy Policy Cottage Vacacional Holiday Home Ferienhaus Casa Ay Caramba Els Poblets Denia Alicante Spanien","og_url":"https:\/\/casa-ay-caramba.com\/en\/datenschutzerklaerung\/","og_site_name":"Casa Ay Caramba","article_publisher":"https:\/\/www.facebook.com\/casaaycaramba","article_modified_time":"2024-04-20T11:23:23+00:00","twitter_card":"summary_large_image","twitter_misc":{"Estimated reading time":"4 minutes"},"schema":{"@context":"https:\/\/schema.org","@graph":[{"@type":"WebPage","@id":"https:\/\/casa-ay-caramba.com\/datenschutzerklaerung\/","url":"https:\/\/casa-ay-caramba.com\/datenschutzerklaerung\/","name":"Datenschutzerkl\u00e4rung - Casa Ay Caramba","isPartOf":{"@id":"https:\/\/casa-ay-caramba.com\/#website"},"datePublished":"2023-10-28T16:23:28+00:00","dateModified":"2024-04-20T11:23:23+00:00","description":"Datenschutzerkl\u00e4rung Privacy Policy Cottage Vacacional Holiday Home Ferienhaus Casa Ay Caramba Els Poblets Denia Alicante Spanien","breadcrumb":{"@id":"https:\/\/casa-ay-caramba.com\/datenschutzerklaerung\/#breadcrumb"},"inLanguage":"en-GB","potentialAction":[{"@type":"ReadAction","target":["https:\/\/casa-ay-caramba.com\/datenschutzerklaerung\/"]}]},{"@type":"BreadcrumbList","@id":"https:\/\/casa-ay-caramba.com\/datenschutzerklaerung\/#breadcrumb","itemListElement":[{"@type":"ListItem","position":1,"name":"Home","item":"https:\/\/casa-ay-caramba.com\/"},{"@type":"ListItem","position":2,"name":"Datenschutzerkl\u00e4rung"}]},{"@type":"WebSite","@id":"https:\/\/casa-ay-caramba.com\/#website","url":"https:\/\/casa-ay-caramba.com\/","name":"Casa Ay Caramba","description":"Holiday Home in Els Poblets at the Costa Blanca","potentialAction":[{"@type":"SearchAction","target":{"@type":"EntryPoint","urlTemplate":"https:\/\/casa-ay-caramba.com\/?s={search_term_string}"},"query-input":{"@type":"PropertyValueSpecification","valueRequired":true,"valueName":"search_term_string"}}],"inLanguage":"en-GB"}]}},"_links":{"self":[{"href":"https:\/\/casa-ay-caramba.com\/en\/wp-json\/wp\/v2\/pages\/3","targetHints":{"allow":["GET"]}}],"collection":[{"href":"https:\/\/casa-ay-caramba.com\/en\/wp-json\/wp\/v2\/pages"}],"about":[{"href":"https:\/\/casa-ay-caramba.com\/en\/wp-json\/wp\/v2\/types\/page"}],"author":[{"embeddable":true,"href":"https:\/\/casa-ay-caramba.com\/en\/wp-json\/wp\/v2\/users\/1"}],"replies":[{"embeddable":true,"href":"https:\/\/casa-ay-caramba.com\/en\/wp-json\/wp\/v2\/comments?post=3"}],"version-history":[{"count":7,"href":"https:\/\/casa-ay-caramba.com\/en\/wp-json\/wp\/v2\/pages\/3\/revisions"}],"predecessor-version":[{"id":506,"href":"https:\/\/casa-ay-caramba.com\/en\/wp-json\/wp\/v2\/pages\/3\/revisions\/506"}],"wp:attachment":[{"href":"https:\/\/casa-ay-caramba.com\/en\/wp-json\/wp\/v2\/media?parent=3"}],"curies":[{"name":"wp","href":"https:\/\/api.w.org\/{rel}","templated":true}]}}