{"id":132,"date":"2023-10-28T16:23:27","date_gmt":"2023-10-28T16:23:27","guid":{"rendered":"https:\/\/casa-ay-caramba.com\/?page_id=132"},"modified":"2026-04-02T18:19:12","modified_gmt":"2026-04-02T18:19:12","slug":"ausstattung","status":"publish","type":"page","link":"https:\/\/casa-ay-caramba.com\/en\/ausstattung\/","title":{"rendered":"Equipment"},"content":{"rendered":"<ul class=\"wp-block-list\">\n<li>Ein Doppelbett mit 2 Matratzen \u00e0 90&#215;200<\/li>\n\n\n\n<li>Ein Doppelbett mit 2 Matratzen \u00e0 100&#215;200<\/li>\n\n\n\n<li>Ein ausziehbares Bett mit 2 Matratzen  \u00e0 90&#215;200<\/li>\n\n\n\n<li>two bathrooms with shower<\/li>\n\n\n\n<li>voll ausgestattete K\u00fcche mit Mikrowelle, Sp\u00fclmaschine, K\u00fchl-Gefrierkombi, zwei Kaffeemaschinen (Filtermaschine + Kapselmaschine), gro\u00dfe Arbeitsfl\u00e4che, Induktionsherd, Backofen, Wasserkocher, Trinkwasseraufbereitungsanlage <br>(the \"typical drinking water purchase\" is omitted)<\/li>\n\n\n\n<li>Satellite TV, Sonos sound system, fibre-optic internet, WLAN inside\/outside<\/li>\n\n\n\n<li>air conditioning hot\/cold, ceiling fans<\/li>\n\n\n\n<li>mosquito screens on all windows <\/li>\n\n\n\n<li>washing machine <\/li>\n\n\n\n<li>W\u00e4schesst\u00e4nder<\/li>\n\n\n\n<li>cleaning materials and hoover<\/li>\n\n\n\n<li>Iron and ironing board<\/li>\n\n\n\n<li>privater Salzwasser-Swimmingpool (6&#215;4,5)<\/li>\n\n\n\n<li>various seating areas<\/li>\n\n\n\n<li>gas barbecue <\/li>\n\n\n\n<li>Garage and additional parking spaces in front of the property<\/li>\n<\/ul>\n\n\n\n<p><\/p>","protected":false},"excerpt":{"rendered":"","protected":false},"author":1,"featured_media":0,"parent":0,"menu_order":0,"comment_status":"closed","ping_status":"closed","template":"","meta":{"footnotes":""},"class_list":["post-132","page","type-page","status-publish","hentry"],"yoast_head":"<!-- This site is optimized with the Yoast SEO plugin v25.8 - https:\/\/yoast.com\/wordpress\/plugins\/seo\/ -->\n<title>Ausstattung - Casa Ay Caramba<\/title>\n<meta name=\"description\" content=\"Betten, Salzwasserpool, Els Poblets, Ferienhaus, Denia, Costa Blanca, Ausstattung, Einrichtung, Alicante, Valencia, Javea, Benidorm, Ferien\" \/>\n<meta name=\"robots\" content=\"index, follow, max-snippet:-1, max-image-preview:large, max-video-preview:-1\" \/>\n<link rel=\"canonical\" href=\"https:\/\/casa-ay-caramba.com\/en\/ausstattung\/\" \/>\n<meta property=\"og:locale\" content=\"en_GB\" \/>\n<meta property=\"og:type\" content=\"article\" \/>\n<meta property=\"og:title\" content=\"Ausstattung - Casa Ay Caramba\" \/>\n<meta property=\"og:description\" content=\"Betten, Salzwasserpool, Els Poblets, Ferienhaus, Denia, Costa Blanca, Ausstattung, Einrichtung, Alicante, Valencia, Javea, Benidorm, Ferien\" \/>\n<meta property=\"og:url\" content=\"https:\/\/casa-ay-caramba.com\/en\/ausstattung\/\" \/>\n<meta property=\"og:site_name\" content=\"Casa Ay Caramba\" \/>\n<meta property=\"article:publisher\" content=\"https:\/\/www.facebook.com\/casaaycaramba\" \/>\n<meta property=\"article:modified_time\" content=\"2026-04-02T18:19:12+00:00\" \/>\n<meta name=\"twitter:card\" content=\"summary_large_image\" \/>\n<meta name=\"twitter:label1\" content=\"Estimated reading time\" \/>\n\t<meta name=\"twitter:data1\" content=\"1 minute\" \/>\n<script type=\"application\/ld+json\" class=\"yoast-schema-graph\">{\"@context\":\"https:\/\/schema.org\",\"@graph\":[{\"@type\":\"WebPage\",\"@id\":\"https:\/\/casa-ay-caramba.com\/ausstattung\/\",\"url\":\"https:\/\/casa-ay-caramba.com\/ausstattung\/\",\"name\":\"Ausstattung - Casa Ay Caramba\",\"isPartOf\":{\"@id\":\"https:\/\/casa-ay-caramba.com\/#website\"},\"datePublished\":\"2023-10-28T16:23:27+00:00\",\"dateModified\":\"2026-04-02T18:19:12+00:00\",\"description\":\"Betten, Salzwasserpool, Els Poblets, Ferienhaus, Denia, Costa Blanca, Ausstattung, Einrichtung, Alicante, Valencia, Javea, Benidorm, Ferien\",\"breadcrumb\":{\"@id\":\"https:\/\/casa-ay-caramba.com\/ausstattung\/#breadcrumb\"},\"inLanguage\":\"en-GB\",\"potentialAction\":[{\"@type\":\"ReadAction\",\"target\":[\"https:\/\/casa-ay-caramba.com\/ausstattung\/\"]}]},{\"@type\":\"BreadcrumbList\",\"@id\":\"https:\/\/casa-ay-caramba.com\/ausstattung\/#breadcrumb\",\"itemListElement\":[{\"@type\":\"ListItem\",\"position\":1,\"name\":\"Home\",\"item\":\"https:\/\/casa-ay-caramba.com\/\"},{\"@type\":\"ListItem\",\"position\":2,\"name\":\"Ausstattung\"}]},{\"@type\":\"WebSite\",\"@id\":\"https:\/\/casa-ay-caramba.com\/#website\",\"url\":\"https:\/\/casa-ay-caramba.com\/\",\"name\":\"Casa Ay Caramba\",\"description\":\"Ferienhaus in Els Poblets an der Costa Blanca\",\"potentialAction\":[{\"@type\":\"SearchAction\",\"target\":{\"@type\":\"EntryPoint\",\"urlTemplate\":\"https:\/\/casa-ay-caramba.com\/?s={search_term_string}\"},\"query-input\":{\"@type\":\"PropertyValueSpecification\",\"valueRequired\":true,\"valueName\":\"search_term_string\"}}],\"inLanguage\":\"en-GB\"}]}<\/script>\n<!-- \/ Yoast SEO plugin. -->","yoast_head_json":{"title":"Ausstattung - Casa Ay Caramba","description":"Betten, Salzwasserpool, Els Poblets, Ferienhaus, Denia, Costa Blanca, Ausstattung, Einrichtung, Alicante, Valencia, Javea, Benidorm, Ferien","robots":{"index":"index","follow":"follow","max-snippet":"max-snippet:-1","max-image-preview":"max-image-preview:large","max-video-preview":"max-video-preview:-1"},"canonical":"https:\/\/casa-ay-caramba.com\/en\/ausstattung\/","og_locale":"en_GB","og_type":"article","og_title":"Ausstattung - Casa Ay Caramba","og_description":"Betten, Salzwasserpool, Els Poblets, Ferienhaus, Denia, Costa Blanca, Ausstattung, Einrichtung, Alicante, Valencia, Javea, Benidorm, Ferien","og_url":"https:\/\/casa-ay-caramba.com\/en\/ausstattung\/","og_site_name":"Casa Ay Caramba","article_publisher":"https:\/\/www.facebook.com\/casaaycaramba","article_modified_time":"2026-04-02T18:19:12+00:00","twitter_card":"summary_large_image","twitter_misc":{"Estimated reading time":"1 minute"},"schema":{"@context":"https:\/\/schema.org","@graph":[{"@type":"WebPage","@id":"https:\/\/casa-ay-caramba.com\/ausstattung\/","url":"https:\/\/casa-ay-caramba.com\/ausstattung\/","name":"Ausstattung - Casa Ay Caramba","isPartOf":{"@id":"https:\/\/casa-ay-caramba.com\/#website"},"datePublished":"2023-10-28T16:23:27+00:00","dateModified":"2026-04-02T18:19:12+00:00","description":"Betten, Salzwasserpool, Els Poblets, Ferienhaus, Denia, Costa Blanca, Ausstattung, Einrichtung, Alicante, Valencia, Javea, Benidorm, Ferien","breadcrumb":{"@id":"https:\/\/casa-ay-caramba.com\/ausstattung\/#breadcrumb"},"inLanguage":"en-GB","potentialAction":[{"@type":"ReadAction","target":["https:\/\/casa-ay-caramba.com\/ausstattung\/"]}]},{"@type":"BreadcrumbList","@id":"https:\/\/casa-ay-caramba.com\/ausstattung\/#breadcrumb","itemListElement":[{"@type":"ListItem","position":1,"name":"Home","item":"https:\/\/casa-ay-caramba.com\/"},{"@type":"ListItem","position":2,"name":"Ausstattung"}]},{"@type":"WebSite","@id":"https:\/\/casa-ay-caramba.com\/#website","url":"https:\/\/casa-ay-caramba.com\/","name":"Casa Ay Caramba","description":"Holiday Home in Els Poblets at the Costa Blanca","potentialAction":[{"@type":"SearchAction","target":{"@type":"EntryPoint","urlTemplate":"https:\/\/casa-ay-caramba.com\/?s={search_term_string}"},"query-input":{"@type":"PropertyValueSpecification","valueRequired":true,"valueName":"search_term_string"}}],"inLanguage":"en-GB"}]}},"_links":{"self":[{"href":"https:\/\/casa-ay-caramba.com\/en\/wp-json\/wp\/v2\/pages\/132","targetHints":{"allow":["GET"]}}],"collection":[{"href":"https:\/\/casa-ay-caramba.com\/en\/wp-json\/wp\/v2\/pages"}],"about":[{"href":"https:\/\/casa-ay-caramba.com\/en\/wp-json\/wp\/v2\/types\/page"}],"author":[{"embeddable":true,"href":"https:\/\/casa-ay-caramba.com\/en\/wp-json\/wp\/v2\/users\/1"}],"replies":[{"embeddable":true,"href":"https:\/\/casa-ay-caramba.com\/en\/wp-json\/wp\/v2\/comments?post=132"}],"version-history":[{"count":15,"href":"https:\/\/casa-ay-caramba.com\/en\/wp-json\/wp\/v2\/pages\/132\/revisions"}],"predecessor-version":[{"id":827,"href":"https:\/\/casa-ay-caramba.com\/en\/wp-json\/wp\/v2\/pages\/132\/revisions\/827"}],"wp:attachment":[{"href":"https:\/\/casa-ay-caramba.com\/en\/wp-json\/wp\/v2\/media?parent=132"}],"curies":[{"name":"wp","href":"https:\/\/api.w.org\/{rel}","templated":true}]}}