{"id":108,"date":"2023-10-28T16:23:29","date_gmt":"2023-10-28T16:23:29","guid":{"rendered":"https:\/\/casa-ay-caramba.com\/?page_id=108"},"modified":"2024-12-19T15:27:27","modified_gmt":"2024-12-19T15:27:27","slug":"preise-casa-ay-caramba","status":"publish","type":"page","link":"https:\/\/casa-ay-caramba.com\/en\/preise-casa-ay-caramba\/","title":{"rendered":"Prices Casa Ay Caramba"},"content":{"rendered":"<p class=\"has-text-align-left\">The rental price is valid for the occupancy of the holiday home of up to 6 persons per night.<br>Preise inklusive Strom (bis 150 kwh\/Woche, danach 0,40 \u20ac\/kwh), Wasser und Glasfaser-Internet.<br>The final cleaning is charged at a flat rate of 180 \u20ac for the house and is to be paid in cash upon handover of the house at the beginning of the rental period. <br>A dog is allowed on request and will be charged with an additional cleaning fee of \u20ac 50. <br>Optional stellen wir Ihnen auf Wunsch Bettw\u00e4sche (15 \u20ac\/Person) und <br>Handt\u00fccher (15 \u20ac\/Person) zur Verf\u00fcgung. <br>The rental deposit is 500 \u20ac .<\/p>\n\n\n\n<p>W\u00e4hrend&nbsp;der Hochsaison von Juni bis einschlie\u00dflich September betr\u00e4gt der Mindestaufenthalt 7 Tage. Es kann Ausnahmen geben. Im Mai betr\u00e4gt der Mindestaufenthalt 3 Tage.<\/p>\n\n\n\n<p><br><strong>Price List Cottage Casa Ay Caramba<\/strong><\/p>\n\n\n\n<figure class=\"wp-block-table\"><table><tbody><tr><td>May<\/td><td>154 Euro per night<\/td><\/tr><tr><td>June<\/td><td>175 Euro per night<\/td><\/tr><tr><td>July and August<\/td><td>261 Euro per night<\/td><\/tr><tr><td>September<\/td><td>175 Euro per night<\/td><\/tr><tr><td>Additional electricity consumption (over 150 kwh\/week)<\/td><td>0,40 \u20ac\/Kilowattstunde<\/td><\/tr><tr><td> Final cleaning<\/td><td>180 \u20ac<\/td><\/tr><tr><td> Security deposit<\/td><td>500 \u20ac<\/td><\/tr><tr><td> Additional cleaning fee dog<\/td><td>50 \u20ac<\/td><\/tr><tr><td>Bed linen<\/td><td>15 \u20ac per person<\/td><\/tr><tr><td>Towels <\/td><td>15 \u20ac per person<\/td><\/tr><\/tbody><\/table><figcaption class=\"wp-element-caption\">Prices cottage Casa Ay Caramba, Els Poblets, Alicante, Spain<\/figcaption><\/figure>\n\n\n\n<div class=\"wp-block-columns is-layout-flex wp-container-core-columns-is-layout-9d6595d7 wp-block-columns-is-layout-flex\">\n<div class=\"wp-block-column is-layout-flow wp-block-column-is-layout-flow\" style=\"flex-basis:100%\"><\/div>\n<\/div>\n\n\n\n<p><\/p>","protected":false},"excerpt":{"rendered":"<p>Der Mietpreis gilt f\u00fcr die Belegung des Ferienhauses von bis zu 6 Personen pro Nacht.Preise inklusive Strom (bis 150 kwh\/Woche, danach 0,40 \u20ac\/kwh), Wasser und Glasfaser-Internet.Die Endreinigung wird mit 180 \u20ac pauschal f\u00fcr das Haus berechnet und ist bei \u00dcbergabe des Hauses zu Beginn der Mietdauer in bar zu bezahlen. Ein Hund ist auf Anfrage &hellip; <\/p>\n<p class=\"link-more\"><a href=\"https:\/\/casa-ay-caramba.com\/en\/preise-casa-ay-caramba\/\" class=\"more-link\">Continue reading<span class=\"screen-reader-text\"> &#8222;Preise Casa Ay Caramba&#8220;<\/span><\/a><\/p>","protected":false},"author":1,"featured_media":0,"parent":0,"menu_order":0,"comment_status":"closed","ping_status":"closed","template":"","meta":{"footnotes":""},"class_list":["post-108","page","type-page","status-publish","hentry"],"yoast_head":"<!-- This site is optimized with the Yoast SEO plugin v25.8 - https:\/\/yoast.com\/wordpress\/plugins\/seo\/ -->\n<title>Preise Casa Ay Caramba - Casa Ay Caramba<\/title>\n<meta name=\"description\" content=\"prices for renting, vacational renting, holiday renting prices, prices, season,\" \/>\n<meta name=\"robots\" content=\"index, follow, max-snippet:-1, max-image-preview:large, max-video-preview:-1\" \/>\n<link rel=\"canonical\" href=\"https:\/\/casa-ay-caramba.com\/en\/preise-casa-ay-caramba\/\" \/>\n<meta property=\"og:locale\" content=\"en_GB\" \/>\n<meta property=\"og:type\" content=\"article\" \/>\n<meta property=\"og:title\" content=\"Preise Casa Ay Caramba - Casa Ay Caramba\" \/>\n<meta property=\"og:description\" content=\"prices for renting, vacational renting, holiday renting prices, prices, season,\" \/>\n<meta property=\"og:url\" content=\"https:\/\/casa-ay-caramba.com\/en\/preise-casa-ay-caramba\/\" \/>\n<meta property=\"og:site_name\" content=\"Casa Ay Caramba\" \/>\n<meta property=\"article:publisher\" content=\"https:\/\/www.facebook.com\/casaaycaramba\" \/>\n<meta property=\"article:modified_time\" content=\"2024-12-19T15:27:27+00:00\" \/>\n<meta name=\"twitter:card\" content=\"summary_large_image\" \/>\n<meta name=\"twitter:label1\" content=\"Estimated reading time\" \/>\n\t<meta name=\"twitter:data1\" content=\"1 minute\" \/>\n<script type=\"application\/ld+json\" class=\"yoast-schema-graph\">{\"@context\":\"https:\/\/schema.org\",\"@graph\":[{\"@type\":\"WebPage\",\"@id\":\"https:\/\/casa-ay-caramba.com\/preise-casa-ay-caramba\/\",\"url\":\"https:\/\/casa-ay-caramba.com\/preise-casa-ay-caramba\/\",\"name\":\"Preise Casa Ay Caramba - Casa Ay Caramba\",\"isPartOf\":{\"@id\":\"https:\/\/casa-ay-caramba.com\/#website\"},\"datePublished\":\"2023-10-28T16:23:29+00:00\",\"dateModified\":\"2024-12-19T15:27:27+00:00\",\"description\":\"prices for renting, vacational renting, holiday renting prices, prices, season,\",\"breadcrumb\":{\"@id\":\"https:\/\/casa-ay-caramba.com\/preise-casa-ay-caramba\/#breadcrumb\"},\"inLanguage\":\"en-GB\",\"potentialAction\":[{\"@type\":\"ReadAction\",\"target\":[\"https:\/\/casa-ay-caramba.com\/preise-casa-ay-caramba\/\"]}]},{\"@type\":\"BreadcrumbList\",\"@id\":\"https:\/\/casa-ay-caramba.com\/preise-casa-ay-caramba\/#breadcrumb\",\"itemListElement\":[{\"@type\":\"ListItem\",\"position\":1,\"name\":\"Home\",\"item\":\"https:\/\/casa-ay-caramba.com\/\"},{\"@type\":\"ListItem\",\"position\":2,\"name\":\"Preise Casa Ay Caramba\"}]},{\"@type\":\"WebSite\",\"@id\":\"https:\/\/casa-ay-caramba.com\/#website\",\"url\":\"https:\/\/casa-ay-caramba.com\/\",\"name\":\"Casa Ay Caramba\",\"description\":\"Ferienhaus in Els Poblets an der Costa Blanca\",\"potentialAction\":[{\"@type\":\"SearchAction\",\"target\":{\"@type\":\"EntryPoint\",\"urlTemplate\":\"https:\/\/casa-ay-caramba.com\/?s={search_term_string}\"},\"query-input\":{\"@type\":\"PropertyValueSpecification\",\"valueRequired\":true,\"valueName\":\"search_term_string\"}}],\"inLanguage\":\"en-GB\"}]}<\/script>\n<!-- \/ Yoast SEO plugin. -->","yoast_head_json":{"title":"Preise Casa Ay Caramba - Casa Ay Caramba","description":"prices for renting, vacational renting, holiday renting prices, prices, season,","robots":{"index":"index","follow":"follow","max-snippet":"max-snippet:-1","max-image-preview":"max-image-preview:large","max-video-preview":"max-video-preview:-1"},"canonical":"https:\/\/casa-ay-caramba.com\/en\/preise-casa-ay-caramba\/","og_locale":"en_GB","og_type":"article","og_title":"Preise Casa Ay Caramba - Casa Ay Caramba","og_description":"prices for renting, vacational renting, holiday renting prices, prices, season,","og_url":"https:\/\/casa-ay-caramba.com\/en\/preise-casa-ay-caramba\/","og_site_name":"Casa Ay Caramba","article_publisher":"https:\/\/www.facebook.com\/casaaycaramba","article_modified_time":"2024-12-19T15:27:27+00:00","twitter_card":"summary_large_image","twitter_misc":{"Estimated reading time":"1 minute"},"schema":{"@context":"https:\/\/schema.org","@graph":[{"@type":"WebPage","@id":"https:\/\/casa-ay-caramba.com\/preise-casa-ay-caramba\/","url":"https:\/\/casa-ay-caramba.com\/preise-casa-ay-caramba\/","name":"Preise Casa Ay Caramba - Casa Ay Caramba","isPartOf":{"@id":"https:\/\/casa-ay-caramba.com\/#website"},"datePublished":"2023-10-28T16:23:29+00:00","dateModified":"2024-12-19T15:27:27+00:00","description":"prices for renting, vacational renting, holiday renting prices, prices, season,","breadcrumb":{"@id":"https:\/\/casa-ay-caramba.com\/preise-casa-ay-caramba\/#breadcrumb"},"inLanguage":"en-GB","potentialAction":[{"@type":"ReadAction","target":["https:\/\/casa-ay-caramba.com\/preise-casa-ay-caramba\/"]}]},{"@type":"BreadcrumbList","@id":"https:\/\/casa-ay-caramba.com\/preise-casa-ay-caramba\/#breadcrumb","itemListElement":[{"@type":"ListItem","position":1,"name":"Home","item":"https:\/\/casa-ay-caramba.com\/"},{"@type":"ListItem","position":2,"name":"Preise Casa Ay Caramba"}]},{"@type":"WebSite","@id":"https:\/\/casa-ay-caramba.com\/#website","url":"https:\/\/casa-ay-caramba.com\/","name":"Casa Ay Caramba","description":"Holiday Home in Els Poblets at the Costa Blanca","potentialAction":[{"@type":"SearchAction","target":{"@type":"EntryPoint","urlTemplate":"https:\/\/casa-ay-caramba.com\/?s={search_term_string}"},"query-input":{"@type":"PropertyValueSpecification","valueRequired":true,"valueName":"search_term_string"}}],"inLanguage":"en-GB"}]}},"_links":{"self":[{"href":"https:\/\/casa-ay-caramba.com\/en\/wp-json\/wp\/v2\/pages\/108","targetHints":{"allow":["GET"]}}],"collection":[{"href":"https:\/\/casa-ay-caramba.com\/en\/wp-json\/wp\/v2\/pages"}],"about":[{"href":"https:\/\/casa-ay-caramba.com\/en\/wp-json\/wp\/v2\/types\/page"}],"author":[{"embeddable":true,"href":"https:\/\/casa-ay-caramba.com\/en\/wp-json\/wp\/v2\/users\/1"}],"replies":[{"embeddable":true,"href":"https:\/\/casa-ay-caramba.com\/en\/wp-json\/wp\/v2\/comments?post=108"}],"version-history":[{"count":36,"href":"https:\/\/casa-ay-caramba.com\/en\/wp-json\/wp\/v2\/pages\/108\/revisions"}],"predecessor-version":[{"id":580,"href":"https:\/\/casa-ay-caramba.com\/en\/wp-json\/wp\/v2\/pages\/108\/revisions\/580"}],"wp:attachment":[{"href":"https:\/\/casa-ay-caramba.com\/en\/wp-json\/wp\/v2\/media?parent=108"}],"curies":[{"name":"wp","href":"https:\/\/api.w.org\/{rel}","templated":true}]}}