{"id":105,"date":"2023-10-28T16:23:27","date_gmt":"2023-10-28T16:23:27","guid":{"rendered":"https:\/\/casa-ay-caramba.com\/?page_id=105"},"modified":"2026-04-02T18:43:14","modified_gmt":"2026-04-02T18:43:14","slug":"beschreibung-und-lage","status":"publish","type":"page","link":"https:\/\/casa-ay-caramba.com\/en\/beschreibung-und-lage\/","title":{"rendered":"Description and Location"},"content":{"rendered":"<p>Unser sonniges, sehr privates Ferienhaus Casa Ay Caramba befindet sich in einer ruhigen, meernahen Wohnlage von Els Poblets (bei Denia\/Alicante\/Spanien). Das Haus verf\u00fcgt \u00fcber 3 Schlafzimmer und 2 Duschb\u00e4der und 1 Wohn-\/Esszimmer mit offener, moderner K\u00fcche. In der grossen, vollst\u00e4ndig verglasten Terrasse befindet sich ein Esstisch f\u00fcr 6-8 Personen, sowie eine gem\u00fctliche Sitzecke mit Sofa und Sessel, die zum Verweilen einl\u00e4dt. Von der Terasse gelangt man auf eine weitere, kleine Terasse mit h\u00fcbscher Sitzgelegenheit, sowie direkt zum Aussenbereich mit privatem Salzwasser-Swimmingpool (6&#215;4,5m), einer Pergola mit ausziehbarem Sonnendach, BBQ-Bereich sowie eine Liegewiese. <br>Diverse Sitzm\u00f6glichkeiten finden Sie rund um das Haus. <br>A dog is allowed on request and for an additional charge.<\/p>\n\n\n\n<p>Both the stone and sandy beaches are within easy walking distance (about 900 meters). The bus connection to Denia (8km) is also nearby.  In our village you will find bars, restaurants, supermarkets and cash machines. Nearby you will find bakeries and also a small German supermarket.<\/p>\n\n\n\n<p>The nearest 18-hole golf courses (<a href=\"https:\/\/www.olivanova.com\/sport-and-leisure-golf\">Oliva Nova<\/a> und <a href=\"https:\/\/lasellagolf.com\/en\/\">La Sella)<\/a>are both just 15 minutes away.<\/p>\n\n\n\n<p>German and English speaking doctors and dentists as well as physiotherapists are also within walking distance.<\/p>\n\n\n\n<iframe src=\"https:\/\/www.google.com\/maps\/embed?pb=!1m14!1m12!1m3!1d523.4983771711899!2d0.01086028106931562!3d38.856861864686515!2m3!1f0!2f0!3f0!3m2!1i1024!2i768!4f13.1!5e1!3m2!1sde!2ses!4v1713621464451!5m2!1sde!2ses\" width=\"450\" height=\"338\" style=\"border:0;\" allowfullscreen=\"\" loading=\"lazy\" referrerpolicy=\"no-referrer-when-downgrade\"><\/iframe>\n\n\n\n<p><\/p>","protected":false},"excerpt":{"rendered":"<p>Unser sonniges, sehr privates Ferienhaus Casa Ay Caramba befindet sich in einer ruhigen, meernahen Wohnlage von Els Poblets (bei Denia\/Alicante\/Spanien). Das Haus verf\u00fcgt \u00fcber 3 Schlafzimmer und 2 Duschb\u00e4der und 1 Wohn-\/Esszimmer mit offener, moderner K\u00fcche. In der grossen, vollst\u00e4ndig verglasten Terrasse befindet sich ein Esstisch f\u00fcr 6-8 Personen, sowie eine gem\u00fctliche Sitzecke mit Sofa &hellip; <\/p>\n<p class=\"link-more\"><a href=\"https:\/\/casa-ay-caramba.com\/en\/beschreibung-und-lage\/\" class=\"more-link\">Continue reading<span class=\"screen-reader-text\"> &#8222;Beschreibung und Lage&#8220;<\/span><\/a><\/p>","protected":false},"author":1,"featured_media":0,"parent":0,"menu_order":0,"comment_status":"closed","ping_status":"closed","template":"","meta":{"footnotes":""},"class_list":["post-105","page","type-page","status-publish","hentry"],"yoast_head":"<!-- This site is optimized with the Yoast SEO plugin v25.8 - https:\/\/yoast.com\/wordpress\/plugins\/seo\/ -->\n<title>Beschreibung und Lage - Casa Ay Caramba<\/title>\n<meta name=\"description\" content=\"Beschreibung Umgebung Ferienhaus Casa Ay Caramba Els Poblets Denia Alicante Valencia Benidorm Costa Blanca Bars Restaurants Sehenw\u00fcrdigkeiten\" \/>\n<meta name=\"robots\" content=\"index, follow, max-snippet:-1, max-image-preview:large, max-video-preview:-1\" \/>\n<link rel=\"canonical\" href=\"https:\/\/casa-ay-caramba.com\/en\/beschreibung-und-lage\/\" \/>\n<meta property=\"og:locale\" content=\"en_GB\" \/>\n<meta property=\"og:type\" content=\"article\" \/>\n<meta property=\"og:title\" content=\"Beschreibung und Lage - Casa Ay Caramba\" \/>\n<meta property=\"og:description\" content=\"Beschreibung Umgebung Ferienhaus Casa Ay Caramba Els Poblets Denia Alicante Valencia Benidorm Costa Blanca Bars Restaurants Sehenw\u00fcrdigkeiten\" \/>\n<meta property=\"og:url\" content=\"https:\/\/casa-ay-caramba.com\/en\/beschreibung-und-lage\/\" \/>\n<meta property=\"og:site_name\" content=\"Casa Ay Caramba\" \/>\n<meta property=\"article:publisher\" content=\"https:\/\/www.facebook.com\/casaaycaramba\" \/>\n<meta property=\"article:modified_time\" content=\"2026-04-02T18:43:14+00:00\" \/>\n<meta name=\"twitter:card\" content=\"summary_large_image\" \/>\n<meta name=\"twitter:label1\" content=\"Estimated reading time\" \/>\n\t<meta name=\"twitter:data1\" content=\"1 minute\" \/>\n<script type=\"application\/ld+json\" class=\"yoast-schema-graph\">{\"@context\":\"https:\/\/schema.org\",\"@graph\":[{\"@type\":\"WebPage\",\"@id\":\"https:\/\/casa-ay-caramba.com\/beschreibung-und-lage\/\",\"url\":\"https:\/\/casa-ay-caramba.com\/beschreibung-und-lage\/\",\"name\":\"Beschreibung und Lage - Casa Ay Caramba\",\"isPartOf\":{\"@id\":\"https:\/\/casa-ay-caramba.com\/#website\"},\"datePublished\":\"2023-10-28T16:23:27+00:00\",\"dateModified\":\"2026-04-02T18:43:14+00:00\",\"description\":\"Beschreibung Umgebung Ferienhaus Casa Ay Caramba Els Poblets Denia Alicante Valencia Benidorm Costa Blanca Bars Restaurants Sehenw\u00fcrdigkeiten\",\"breadcrumb\":{\"@id\":\"https:\/\/casa-ay-caramba.com\/beschreibung-und-lage\/#breadcrumb\"},\"inLanguage\":\"en-GB\",\"potentialAction\":[{\"@type\":\"ReadAction\",\"target\":[\"https:\/\/casa-ay-caramba.com\/beschreibung-und-lage\/\"]}]},{\"@type\":\"BreadcrumbList\",\"@id\":\"https:\/\/casa-ay-caramba.com\/beschreibung-und-lage\/#breadcrumb\",\"itemListElement\":[{\"@type\":\"ListItem\",\"position\":1,\"name\":\"Home\",\"item\":\"https:\/\/casa-ay-caramba.com\/\"},{\"@type\":\"ListItem\",\"position\":2,\"name\":\"Beschreibung und Lage\"}]},{\"@type\":\"WebSite\",\"@id\":\"https:\/\/casa-ay-caramba.com\/#website\",\"url\":\"https:\/\/casa-ay-caramba.com\/\",\"name\":\"Casa Ay Caramba\",\"description\":\"Ferienhaus in Els Poblets an der Costa Blanca\",\"potentialAction\":[{\"@type\":\"SearchAction\",\"target\":{\"@type\":\"EntryPoint\",\"urlTemplate\":\"https:\/\/casa-ay-caramba.com\/?s={search_term_string}\"},\"query-input\":{\"@type\":\"PropertyValueSpecification\",\"valueRequired\":true,\"valueName\":\"search_term_string\"}}],\"inLanguage\":\"en-GB\"}]}<\/script>\n<!-- \/ Yoast SEO plugin. -->","yoast_head_json":{"title":"Beschreibung und Lage - Casa Ay Caramba","description":"Beschreibung Umgebung Ferienhaus Casa Ay Caramba Els Poblets Denia Alicante Valencia Benidorm Costa Blanca Bars Restaurants Sehenw\u00fcrdigkeiten","robots":{"index":"index","follow":"follow","max-snippet":"max-snippet:-1","max-image-preview":"max-image-preview:large","max-video-preview":"max-video-preview:-1"},"canonical":"https:\/\/casa-ay-caramba.com\/en\/beschreibung-und-lage\/","og_locale":"en_GB","og_type":"article","og_title":"Beschreibung und Lage - Casa Ay Caramba","og_description":"Beschreibung Umgebung Ferienhaus Casa Ay Caramba Els Poblets Denia Alicante Valencia Benidorm Costa Blanca Bars Restaurants Sehenw\u00fcrdigkeiten","og_url":"https:\/\/casa-ay-caramba.com\/en\/beschreibung-und-lage\/","og_site_name":"Casa Ay Caramba","article_publisher":"https:\/\/www.facebook.com\/casaaycaramba","article_modified_time":"2026-04-02T18:43:14+00:00","twitter_card":"summary_large_image","twitter_misc":{"Estimated reading time":"1 minute"},"schema":{"@context":"https:\/\/schema.org","@graph":[{"@type":"WebPage","@id":"https:\/\/casa-ay-caramba.com\/beschreibung-und-lage\/","url":"https:\/\/casa-ay-caramba.com\/beschreibung-und-lage\/","name":"Beschreibung und Lage - Casa Ay Caramba","isPartOf":{"@id":"https:\/\/casa-ay-caramba.com\/#website"},"datePublished":"2023-10-28T16:23:27+00:00","dateModified":"2026-04-02T18:43:14+00:00","description":"Beschreibung Umgebung Ferienhaus Casa Ay Caramba Els Poblets Denia Alicante Valencia Benidorm Costa Blanca Bars Restaurants Sehenw\u00fcrdigkeiten","breadcrumb":{"@id":"https:\/\/casa-ay-caramba.com\/beschreibung-und-lage\/#breadcrumb"},"inLanguage":"en-GB","potentialAction":[{"@type":"ReadAction","target":["https:\/\/casa-ay-caramba.com\/beschreibung-und-lage\/"]}]},{"@type":"BreadcrumbList","@id":"https:\/\/casa-ay-caramba.com\/beschreibung-und-lage\/#breadcrumb","itemListElement":[{"@type":"ListItem","position":1,"name":"Home","item":"https:\/\/casa-ay-caramba.com\/"},{"@type":"ListItem","position":2,"name":"Beschreibung und Lage"}]},{"@type":"WebSite","@id":"https:\/\/casa-ay-caramba.com\/#website","url":"https:\/\/casa-ay-caramba.com\/","name":"Casa Ay Caramba","description":"Holiday Home in Els Poblets at the Costa Blanca","potentialAction":[{"@type":"SearchAction","target":{"@type":"EntryPoint","urlTemplate":"https:\/\/casa-ay-caramba.com\/?s={search_term_string}"},"query-input":{"@type":"PropertyValueSpecification","valueRequired":true,"valueName":"search_term_string"}}],"inLanguage":"en-GB"}]}},"_links":{"self":[{"href":"https:\/\/casa-ay-caramba.com\/en\/wp-json\/wp\/v2\/pages\/105","targetHints":{"allow":["GET"]}}],"collection":[{"href":"https:\/\/casa-ay-caramba.com\/en\/wp-json\/wp\/v2\/pages"}],"about":[{"href":"https:\/\/casa-ay-caramba.com\/en\/wp-json\/wp\/v2\/types\/page"}],"author":[{"embeddable":true,"href":"https:\/\/casa-ay-caramba.com\/en\/wp-json\/wp\/v2\/users\/1"}],"replies":[{"embeddable":true,"href":"https:\/\/casa-ay-caramba.com\/en\/wp-json\/wp\/v2\/comments?post=105"}],"version-history":[{"count":29,"href":"https:\/\/casa-ay-caramba.com\/en\/wp-json\/wp\/v2\/pages\/105\/revisions"}],"predecessor-version":[{"id":833,"href":"https:\/\/casa-ay-caramba.com\/en\/wp-json\/wp\/v2\/pages\/105\/revisions\/833"}],"wp:attachment":[{"href":"https:\/\/casa-ay-caramba.com\/en\/wp-json\/wp\/v2\/media?parent=105"}],"curies":[{"name":"wp","href":"https:\/\/api.w.org\/{rel}","templated":true}]}}